{"id":14,"date":"2024-12-07T16:48:13","date_gmt":"2024-12-07T16:48:13","guid":{"rendered":"https:\/\/nutri-plus.io\/?page_id=14"},"modified":"2026-03-06T13:19:09","modified_gmt":"2026-03-06T13:19:09","slug":"politica-de-confidentialitate","status":"publish","type":"page","link":"https:\/\/nutrismart.app\/ro\/politica-de-confidentialitate\/","title":{"rendered":"Politica de confiden\u021bialitate"},"content":{"rendered":"\t\t<div data-elementor-type=\"wp-page\" data-elementor-id=\"14\" class=\"elementor elementor-14\" data-elementor-post-type=\"page\">\n\t\t\t\t<div class=\"elementor-element elementor-element-2da917a e-flex e-con-boxed e-con e-parent\" data-id=\"2da917a\" data-element_type=\"container\" data-e-type=\"container\" data-settings=\"{&quot;background_background&quot;:&quot;gradient&quot;}\">\n\t\t\t\t\t<div class=\"e-con-inner\">\n\t\t\t\t<div class=\"elementor-element elementor-element-4b415c1 elementor-widget elementor-widget-heading\" data-id=\"4b415c1\" data-element_type=\"widget\" data-e-type=\"widget\" data-widget_type=\"heading.default\">\n\t\t\t\t<div class=\"elementor-widget-container\">\n\t\t\t\t\t<h2 class=\"elementor-heading-title elementor-size-default\">Politica de confiden\u021bialitate<\/h2>\t\t\t\t<\/div>\n\t\t\t\t<\/div>\n\t\t\t\t<div class=\"elementor-element elementor-element-c0a9875 elementor-widget-divider--view-line elementor-widget elementor-widget-divider\" data-id=\"c0a9875\" data-element_type=\"widget\" data-e-type=\"widget\" data-widget_type=\"divider.default\">\n\t\t\t\t<div class=\"elementor-widget-container\">\n\t\t\t\t\t\t\t<div class=\"elementor-divider\">\n\t\t\t<span class=\"elementor-divider-separator\">\n\t\t\t\t\t\t<\/span>\n\t\t<\/div>\n\t\t\t\t\t\t<\/div>\n\t\t\t\t<\/div>\n\t\t\t\t<div class=\"elementor-element elementor-element-6718c7b elementor-widget elementor-widget-text-editor\" data-id=\"6718c7b\" data-element_type=\"widget\" data-e-type=\"widget\" data-widget_type=\"text-editor.default\">\n\t\t\t\t<div class=\"elementor-widget-container\">\n\t\t\t\t\t\t\t\t\t<p><strong>Data intr\u0103rii \u00een vigoare: 06\/03\/2026<\/strong><\/p>\n\n<p>\n  Noi, la <strong>NutriSmart<\/strong>, respect\u0103m confiden\u021bialitatea datelor tale \u0219i ne angaj\u0103m s\u0103 protej\u0103m informa\u021biile personale pe care le colect\u0103m \u0219i le gestion\u0103m. Aceast\u0103 politic\u0103 de confiden\u021bialitate explic\u0103 modul \u00een care colect\u0103m, utiliz\u0103m, stoc\u0103m \u0219i protej\u0103m informa\u021biile tale atunci c\u00e2nd folose\u0219ti aplica\u021bia noastr\u0103.\n<\/p>\n\n<ol>\n  <li>\n    <strong>Informa\u021bii colectate<\/strong>\n    <p>C\u00e2nd utilizezi aplica\u021bia NutriSmart, colect\u0103m urm\u0103toarele informa\u021bii:<\/p>\n    <ul>\n      <li>\n        <strong>Informa\u021bii personale:<\/strong> Email, nume, prenume \u0219i imagine de profil (doar dac\u0103 te conectezi cu Google). Dac\u0103 utilizezi autentificarea cu Apple sau cu Email, nu colect\u0103m imaginea de profil.\n      <\/li>\n      <li>\n        <strong>Date de activitate (Step Count):<\/strong> aplica\u021bia poate accesa num\u0103rul de pa\u0219i utiliz\u00e2nd senzorii dispozitivului sau API-urile de activitate ale sistemului de operare. Aceste date sunt utilizate exclusiv pentru afi\u0219area statisticilor de activitate \u0219i monitorizarea pa\u0219ilor \u00een aplica\u021bie. Datele privind num\u0103rul de pa\u0219i sunt stocate doar local pe dispozitivul utilizatorului \u0219i nu sunt transmise c\u0103tre serverele noastre \u0219i nici c\u0103tre ter\u021be p\u0103r\u021bi.\n      <\/li>\n    <\/ul>\n  <\/li>\n\n  <li>\n    <strong>Cum utiliz\u0103m informa\u021biile tale<\/strong>\n    <p>Folosim informa\u021biile colectate pentru:<\/p>\n    <ul>\n      <li>A-\u021bi permite s\u0103 te autentifici \u00een aplica\u021bie \u0219i s\u0103 accesezi func\u021biile personalizate.<\/li>\n      <li>A \u00eembun\u0103t\u0103\u021bi experien\u021ba de utilizare \u0219i a personaliza con\u021binutul afi\u0219at \u00een func\u021bie de preferin\u021bele tale.<\/li>\n      <li>A furniza reclame relevante prin intermediul Google AdMob \u0219i Meta Ads (Facebook Ads), folosind serviciile de mediere, \u00een conformitate cu regulamentele GDPR aplicabile.<\/li>\n      <li>A analiza modul \u00een care aplica\u021bia este utilizat\u0103 cu ajutorul <strong>Firebase Analytics<\/strong>, care colecteaz\u0103 date anonimizate pentru a \u00eembun\u0103t\u0103\u021bi func\u021bionalitatea \u0219i performan\u021ba aplica\u021biei.<\/li>\n      <li>A trimite notific\u0103ri (locale \u0219i cloud), pe care le po\u021bi gestiona din set\u0103rile dispozitivului t\u0103u.<\/li>\n    <\/ul>\n  <\/li>\n\n  <li>\n    <strong>Publicitate \u0219i reclame<\/strong>\n    <p>\n      Folosim <strong>Google AdMob<\/strong> \u0219i <strong>Meta Ads<\/strong> (Facebook Ads) pentru a difuza reclame \u00een aplica\u021bia NutriSmart. \u00cen ceea ce prive\u0219te confiden\u021bialitatea \u0219i reglement\u0103rile europene, ne conform\u0103m cu GDPR \u0219i folosim consim\u021b\u0103m\u00e2ntul explicit prin afi\u0219area unui mesaj GDPR atunci c\u00e2nd folose\u0219ti aplica\u021bia \u00een \u021b\u0103rile EEA, Marea Britanie \u0219i Elve\u021bia. Partenerii no\u0219tri de publicitate pot colecta date anonime pentru a personaliza reclamele.\n    <\/p>\n  <\/li>\n\n  <li>\n    <strong>Stocarea datelor<\/strong>\n    <p>\n      Informa\u021biile tale sunt stocate \u00een baza de date <strong>Firebase Firestore<\/strong>, g\u0103zduit\u0103 \u00een regiunea <strong>europe-west3<\/strong> (Europa). Lu\u0103m m\u0103suri de securitate adecvate pentru a proteja informa\u021biile tale \u00eempotriva accesului neautorizat, pierderii sau utiliz\u0103rii gre\u0219ite.\n    <\/p>\n  <\/li>\n\n  <li>\n    <strong>Drepturile utilizatorilor<\/strong>\n    <p>\u00cen func\u021bie de legisla\u021bia aplicabil\u0103, ai urm\u0103toarele drepturi:<\/p>\n    <ul>\n      <li><strong>Acces \u0219i corectare:<\/strong> Ai dreptul de a accesa \u0219i corecta informa\u021biile personale pe care le de\u021binem despre tine.<\/li>\n      <li><strong>\u0218tergerea datelor:<\/strong> Po\u021bi solicita \u0219tergerea contului t\u0103u \u0219i a tuturor datelor asociate acestuia \u00een orice moment.<\/li>\n      <li><strong>Gestionarea notific\u0103rilor:<\/strong> Po\u021bi gestiona notific\u0103rile locale \u0219i cloud direct din set\u0103rile dispozitivului t\u0103u.<\/li>\n    <\/ul>\n  <\/li>\n\n  <li>\n    <strong>Partajarea datelor cu ter\u021bi<\/strong>\n    <p>\n      Nu partaj\u0103m informa\u021biile tale personale cu ter\u021bi, cu excep\u021bia cazurilor \u00een care este necesar pentru a furniza serviciile aplica\u021biei sau pentru a respecta reglement\u0103rile legale. Partenerii no\u0219tri includ:\n    <\/p>\n    <ul>\n      <li><strong>Google<\/strong> \u0219i <strong>Meta<\/strong> pentru difuzarea de reclame.<\/li>\n      <li><strong>Firebase<\/strong> pentru autentificare, analiz\u0103 \u0219i stocare de date.<\/li>\n    <\/ul>\n  <\/li>\n\n  <li>\n    <strong>Securitatea datelor<\/strong>\n    <p>\n      Lu\u0103m m\u0103suri adecvate pentru a proteja datele personale \u00eempotriva accesului neautorizat \u0219i a pierderii. Cu toate acestea, nicio metod\u0103 de stocare a datelor nu este complet sigur\u0103 \u0219i nu putem garanta securitatea absolut\u0103 a datelor.\n    <\/p>\n  <\/li>\n\n  <li>\n    <strong>Modific\u0103ri ale politicii<\/strong>\n    <p>\n      Ne rezerv\u0103m dreptul de a actualiza aceast\u0103 Politic\u0103 de Confiden\u021bialitate pentru a reflecta modific\u0103rile aduse serviciilor sau cerin\u021belor legale. Orice modificare va fi notificat\u0103 utilizatorilor prin intermediul aplica\u021biei.\n    <\/p>\n  <\/li>\n\n  <li>\n    <strong>Schimbarea preferin\u021belor de confiden\u021bialitate \u0219i reclame personalizate<\/strong>\n    <p>\n      Utilizatorii aplica\u021biei <strong>NutriSmart<\/strong> au dreptul de a-\u0219i gestiona \u0219i modifica preferin\u021bele legate de confiden\u021bialitate, \u00een special \u00een ceea ce prive\u0219te reclamele personalizate. \u00cen orice moment, po\u021bi alege s\u0103 accep\u021bi sau s\u0103 revoci consim\u021b\u0103m\u00e2ntul pentru reclamele personalizate, acces\u00e2nd set\u0103rile din cadrul aplica\u021biei sau dispozitivului t\u0103u. Aceasta include posibilitatea de a opta pentru afi\u0219area de reclame nepersonalizate.\n    <\/p>\n    <p>\n      Dac\u0103 dore\u0219ti s\u0103 schimbi preferin\u021bele legate de confiden\u021bialitate, te rug\u0103m s\u0103 accesezi set\u0103rile aplica\u021biei sau s\u0103 ne contactezi pentru asisten\u021b\u0103 suplimentar\u0103.\n    <\/p>\n  <\/li>\n\n  <li>\n    <strong>Contact<\/strong>\n    <p>Dac\u0103 ai \u00eentreb\u0103ri sau preocup\u0103ri cu privire la confiden\u021bialitatea datelor, te rug\u0103m s\u0103 ne contactezi la:<\/p>\n    <p><strong>E-mail:<\/strong> support@nutrismart.app<\/p>\n  <\/li>\n<\/ol>\t\t\t\t\t\t\t\t<\/div>\n\t\t\t\t<\/div>\n\t\t\t\t\t<\/div>\n\t\t\t\t<\/div>\n\t\t\t\t<\/div>\n\t\t","protected":false},"excerpt":{"rendered":"<p>Politica de confiden\u021bialitate Data intr\u0103rii \u00een vigoare: 06\/03\/2026 Noi, la NutriSmart, respect\u0103m confiden\u021bialitatea datelor tale \u0219i ne angaj\u0103m s\u0103 protej\u0103m informa\u021biile personale pe care le colect\u0103m \u0219i le gestion\u0103m. Aceast\u0103 politic\u0103 de confiden\u021bialitate explic\u0103 modul \u00een care colect\u0103m, utiliz\u0103m, stoc\u0103m \u0219i protej\u0103m informa\u021biile tale atunci c\u00e2nd folose\u0219ti aplica\u021bia noastr\u0103. Informa\u021bii colectate C\u00e2nd utilizezi aplica\u021bia NutriSmart, [&hellip;]<\/p>\n","protected":false},"author":1,"featured_media":0,"parent":0,"menu_order":0,"comment_status":"closed","ping_status":"closed","template":"","meta":{"footnotes":""},"class_list":["post-14","page","type-page","status-publish","hentry"],"rankMath":{"parentDomain":"nutrismart.app","noFollowDomains":[],"noFollowExcludeDomains":[],"noFollowExternalLinks":false,"featuredImageNotice":"The featured image should be at least 200 by 200 pixels to be picked up by Facebook and other social media sites.","pluginReviewed":false,"postSettings":{"linkSuggestions":true,"useFocusKeyword":false},"frontEndScore":false,"postName":"politica-de-confidentialitate","permalinkFormat":"https:\/\/nutrismart.app\/ro\/%pagename%\/","showLockModifiedDate":true,"assessor":{"focusKeywordLink":"https:\/\/nutrismart.app\/wp-admin\/edit.php?focus_keyword=%focus_keyword%&post_type=%post_type%","hasTOCPlugin":true,"primaryTaxonomy":false,"serpData":{"title":"","description":"","focusKeywords":"","pillarContent":false,"canonicalUrl":"","breadcrumbTitle":"","advancedRobots":{"max-snippet":"-1","max-video-preview":"-1","max-image-preview":"large"},"facebookTitle":"","facebookDescription":"","facebookImage":"","facebookImageID":"","facebookHasOverlay":false,"facebookImageOverlay":"","facebookAuthor":"","twitterCardType":"","twitterUseFacebook":true,"twitterTitle":"","twitterDescription":"","twitterImage":"","twitterImageID":"","twitterHasOverlay":false,"twitterImageOverlay":"","twitterPlayerUrl":"","twitterPlayerSize":"","twitterPlayerStream":"","twitterPlayerStreamCtype":"","twitterAppDescription":"","twitterAppIphoneName":"","twitterAppIphoneID":"","twitterAppIphoneUrl":"","twitterAppIpadName":"","twitterAppIpadID":"","twitterAppIpadUrl":"","twitterAppGoogleplayName":"","twitterAppGoogleplayID":"","twitterAppGoogleplayUrl":"","twitterAppCountry":"","robots":{"index":true},"twitterAuthor":"username","primaryTerm":0,"authorName":"nutriadmin","titleTemplate":"%title% %sep% %sitename%","descriptionTemplate":"%excerpt%","showScoreFrontend":true,"lockModifiedDate":false},"powerWords":[],"diacritics":{"A":"[\\u0041\\u24B6\\uFF21\\u00C0\\u00C1\\u00C2\\u1EA6\\u1EA4\\u1EAA\\u1EA8\\u00C3\\u0100\\u0102\\u1EB0\\u1EAE\\u1EB4\\u1EB2\\u0226\\u01E0\\u00C4\\u01DE\\u1EA2\\u00C5\\u01FA\\u01CD\\u0200\\u0202\\u1EA0\\u1EAC\\u1EB6\\u1E00\\u0104\\u023A\\u2C6F]","AA":"[\\uA732]","AE":"[\\u00C6\\u01FC\\u01E2]","AO":"[\\uA734]","AU":"[\\uA736]","AV":"[\\uA738\\uA73A]","AY":"[\\uA73C]","B":"[\\u0042\\u24B7\\uFF22\\u1E02\\u1E04\\u1E06\\u0243\\u0182\\u0181]","C":"[\\u0043\\u24B8\\uFF23\\u0106\\u0108\\u010A\\u010C\\u00C7\\u1E08\\u0187\\u023B\\uA73E]","D":"[\\u0044\\u24B9\\uFF24\\u1E0A\\u010E\\u1E0C\\u1E10\\u1E12\\u1E0E\\u0110\\u018B\\u018A\\u0189\\uA779]","DZ":"[\\u01F1\\u01C4]","Dz":"[\\u01F2\\u01C5]","E":"[\\u0045\\u24BA\\uFF25\\u00C8\\u00C9\\u00CA\\u1EC0\\u1EBE\\u1EC4\\u1EC2\\u1EBC\\u0112\\u1E14\\u1E16\\u0114\\u0116\\u00CB\\u1EBA\\u011A\\u0204\\u0206\\u1EB8\\u1EC6\\u0228\\u1E1C\\u0118\\u1E18\\u1E1A\\u0190\\u018E]","F":"[\\u0046\\u24BB\\uFF26\\u1E1E\\u0191\\uA77B]","G":"[\\u0047\\u24BC\\uFF27\\u01F4\\u011C\\u1E20\\u011E\\u0120\\u01E6\\u0122\\u01E4\\u0193\\uA7A0\\uA77D\\uA77E]","H":"[\\u0048\\u24BD\\uFF28\\u0124\\u1E22\\u1E26\\u021E\\u1E24\\u1E28\\u1E2A\\u0126\\u2C67\\u2C75\\uA78D]","I":"[\\u0049\\u24BE\\uFF29\\u00CC\\u00CD\\u00CE\\u0128\\u012A\\u012C\\u0130\\u00CF\\u1E2E\\u1EC8\\u01CF\\u0208\\u020A\\u1ECA\\u012E\\u1E2C\\u0197]","J":"[\\u004A\\u24BF\\uFF2A\\u0134\\u0248]","K":"[\\u004B\\u24C0\\uFF2B\\u1E30\\u01E8\\u1E32\\u0136\\u1E34\\u0198\\u2C69\\uA740\\uA742\\uA744\\uA7A2]","L":"[\\u004C\\u24C1\\uFF2C\\u013F\\u0139\\u013D\\u1E36\\u1E38\\u013B\\u1E3C\\u1E3A\\u0141\\u023D\\u2C62\\u2C60\\uA748\\uA746\\uA780]","LJ":"[\\u01C7]","Lj":"[\\u01C8]","M":"[\\u004D\\u24C2\\uFF2D\\u1E3E\\u1E40\\u1E42\\u2C6E\\u019C]","N":"[\\u004E\\u24C3\\uFF2E\\u01F8\\u0143\\u00D1\\u1E44\\u0147\\u1E46\\u0145\\u1E4A\\u1E48\\u0220\\u019D\\uA790\\uA7A4]","NJ":"[\\u01CA]","Nj":"[\\u01CB]","O":"[\\u004F\\u24C4\\uFF2F\\u00D2\\u00D3\\u00D4\\u1ED2\\u1ED0\\u1ED6\\u1ED4\\u00D5\\u1E4C\\u022C\\u1E4E\\u014C\\u1E50\\u1E52\\u014E\\u022E\\u0230\\u00D6\\u022A\\u1ECE\\u0150\\u01D1\\u020C\\u020E\\u01A0\\u1EDC\\u1EDA\\u1EE0\\u1EDE\\u1EE2\\u1ECC\\u1ED8\\u01EA\\u01EC\\u00D8\\u01FE\\u0186\\u019F\\uA74A\\uA74C]","OI":"[\\u01A2]","OO":"[\\uA74E]","OU":"[\\u0222]","P":"[\\u0050\\u24C5\\uFF30\\u1E54\\u1E56\\u01A4\\u2C63\\uA750\\uA752\\uA754]","Q":"[\\u0051\\u24C6\\uFF31\\uA756\\uA758\\u024A]","R":"[\\u0052\\u24C7\\uFF32\\u0154\\u1E58\\u0158\\u0210\\u0212\\u1E5A\\u1E5C\\u0156\\u1E5E\\u024C\\u2C64\\uA75A\\uA7A6\\uA782]","S":"[\\u0053\\u24C8\\uFF33\\u1E9E\\u015A\\u1E64\\u015C\\u1E60\\u0160\\u1E66\\u1E62\\u1E68\\u0218\\u015E\\u2C7E\\uA7A8\\uA784]","T":"[\\u0054\\u24C9\\uFF34\\u1E6A\\u0164\\u1E6C\\u021A\\u0162\\u1E70\\u1E6E\\u0166\\u01AC\\u01AE\\u023E\\uA786]","TZ":"[\\uA728]","U":"[\\u0055\\u24CA\\uFF35\\u00D9\\u00DA\\u00DB\\u0168\\u1E78\\u016A\\u1E7A\\u016C\\u00DC\\u01DB\\u01D7\\u01D5\\u01D9\\u1EE6\\u016E\\u0170\\u01D3\\u0214\\u0216\\u01AF\\u1EEA\\u1EE8\\u1EEE\\u1EEC\\u1EF0\\u1EE4\\u1E72\\u0172\\u1E76\\u1E74\\u0244]","V":"[\\u0056\\u24CB\\uFF36\\u1E7C\\u1E7E\\u01B2\\uA75E\\u0245]","VY":"[\\uA760]","W":"[\\u0057\\u24CC\\uFF37\\u1E80\\u1E82\\u0174\\u1E86\\u1E84\\u1E88\\u2C72]","X":"[\\u0058\\u24CD\\uFF38\\u1E8A\\u1E8C]","Y":"[\\u0059\\u24CE\\uFF39\\u1EF2\\u00DD\\u0176\\u1EF8\\u0232\\u1E8E\\u0178\\u1EF6\\u1EF4\\u01B3\\u024E\\u1EFE]","Z":"[\\u005A\\u24CF\\uFF3A\\u0179\\u1E90\\u017B\\u017D\\u1E92\\u1E94\\u01B5\\u0224\\u2C7F\\u2C6B\\uA762]","a":"[\\u0061\\u24D0\\uFF41\\u1E9A\\u00E0\\u00E1\\u00E2\\u1EA7\\u1EA5\\u1EAB\\u1EA9\\u00E3\\u0101\\u0103\\u1EB1\\u1EAF\\u1EB5\\u1EB3\\u0227\\u01E1\\u00E4\\u01DF\\u1EA3\\u00E5\\u01FB\\u01CE\\u0201\\u0203\\u1EA1\\u1EAD\\u1EB7\\u1E01\\u0105\\u2C65\\u0250]","aa":"[\\uA733]","ae":"[\\u00E6\\u01FD\\u01E3]","ao":"[\\uA735]","au":"[\\uA737]","av":"[\\uA739\\uA73B]","ay":"[\\uA73D]","b":"[\\u0062\\u24D1\\uFF42\\u1E03\\u1E05\\u1E07\\u0180\\u0183\\u0253]","c":"[\\u0063\\u24D2\\uFF43\\u0107\\u0109\\u010B\\u010D\\u00E7\\u1E09\\u0188\\u023C\\uA73F\\u2184]","d":"[\\u0064\\u24D3\\uFF44\\u1E0B\\u010F\\u1E0D\\u1E11\\u1E13\\u1E0F\\u0111\\u018C\\u0256\\u0257\\uA77A]","dz":"[\\u01F3\\u01C6]","e":"[\\u0065\\u24D4\\uFF45\\u00E8\\u00E9\\u00EA\\u1EC1\\u1EBF\\u1EC5\\u1EC3\\u1EBD\\u0113\\u1E15\\u1E17\\u0115\\u0117\\u00EB\\u1EBB\\u011B\\u0205\\u0207\\u1EB9\\u1EC7\\u0229\\u1E1D\\u0119\\u1E19\\u1E1B\\u0247\\u025B\\u01DD]","f":"[\\u0066\\u24D5\\uFF46\\u1E1F\\u0192\\uA77C]","g":"[\\u0067\\u24D6\\uFF47\\u01F5\\u011D\\u1E21\\u011F\\u0121\\u01E7\\u0123\\u01E5\\u0260\\uA7A1\\u1D79\\uA77F]","h":"[\\u0068\\u24D7\\uFF48\\u0125\\u1E23\\u1E27\\u021F\\u1E25\\u1E29\\u1E2B\\u1E96\\u0127\\u2C68\\u2C76\\u0265]","hv":"[\\u0195]","i":"[\\u0069\\u24D8\\uFF49\\u00EC\\u00ED\\u00EE\\u0129\\u012B\\u012D\\u00EF\\u1E2F\\u1EC9\\u01D0\\u0209\\u020B\\u1ECB\\u012F\\u1E2D\\u0268\\u0131]","j":"[\\u006A\\u24D9\\uFF4A\\u0135\\u01F0\\u0249]","k":"[\\u006B\\u24DA\\uFF4B\\u1E31\\u01E9\\u1E33\\u0137\\u1E35\\u0199\\u2C6A\\uA741\\uA743\\uA745\\uA7A3]","l":"[\\u006C\\u24DB\\uFF4C\\u0140\\u013A\\u013E\\u1E37\\u1E39\\u013C\\u1E3D\\u1E3B\\u017F\\u0142\\u019A\\u026B\\u2C61\\uA749\\uA781\\uA747]","lj":"[\\u01C9]","m":"[\\u006D\\u24DC\\uFF4D\\u1E3F\\u1E41\\u1E43\\u0271\\u026F]","n":"[\\u006E\\u24DD\\uFF4E\\u01F9\\u0144\\u00F1\\u1E45\\u0148\\u1E47\\u0146\\u1E4B\\u1E49\\u019E\\u0272\\u0149\\uA791\\uA7A5]","nj":"[\\u01CC]","o":"[\\u006F\\u24DE\\uFF4F\\u00F2\\u00F3\\u00F4\\u1ED3\\u1ED1\\u1ED7\\u1ED5\\u00F5\\u1E4D\\u022D\\u1E4F\\u014D\\u1E51\\u1E53\\u014F\\u022F\\u0231\\u00F6\\u022B\\u1ECF\\u0151\\u01D2\\u020D\\u020F\\u01A1\\u1EDD\\u1EDB\\u1EE1\\u1EDF\\u1EE3\\u1ECD\\u1ED9\\u01EB\\u01ED\\u00F8\\u01FF\\u0254\\uA74B\\uA74D\\u0275]","oi":"[\\u01A3]","ou":"[\\u0223]","oo":"[\\uA74F]","p":"[\\u0070\\u24DF\\uFF50\\u1E55\\u1E57\\u01A5\\u1D7D\\uA751\\uA753\\uA755]","q":"[\\u0071\\u24E0\\uFF51\\u024B\\uA757\\uA759]","r":"[\\u0072\\u24E1\\uFF52\\u0155\\u1E59\\u0159\\u0211\\u0213\\u1E5B\\u1E5D\\u0157\\u1E5F\\u024D\\u027D\\uA75B\\uA7A7\\uA783]","s":"[\\u0073\\u24E2\\uFF53\\u015B\\u1E65\\u015D\\u1E61\\u0161\\u1E67\\u1E63\\u1E69\\u0219\\u015F\\u023F\\uA7A9\\uA785\\u1E9B]","ss":"[\\u00DF]","t":"[\\u0074\\u24E3\\uFF54\\u1E6B\\u1E97\\u0165\\u1E6D\\u021B\\u0163\\u1E71\\u1E6F\\u0167\\u01AD\\u0288\\u2C66\\uA787]","tz":"[\\uA729]","u":"[\\u0075\\u24E4\\uFF55\\u00F9\\u00FA\\u00FB\\u0169\\u1E79\\u016B\\u1E7B\\u016D\\u00FC\\u01DC\\u01D8\\u01D6\\u01DA\\u1EE7\\u016F\\u0171\\u01D4\\u0215\\u0217\\u01B0\\u1EEB\\u1EE9\\u1EEF\\u1EED\\u1EF1\\u1EE5\\u1E73\\u0173\\u1E77\\u1E75\\u0289]","v":"[\\u0076\\u24E5\\uFF56\\u1E7D\\u1E7F\\u028B\\uA75F\\u028C]","vy":"[\\uA761]","w":"[\\u0077\\u24E6\\uFF57\\u1E81\\u1E83\\u0175\\u1E87\\u1E85\\u1E98\\u1E89\\u2C73]","x":"[\\u0078\\u24E7\\uFF58\\u1E8B\\u1E8D]","y":"[\\u0079\\u24E8\\uFF59\\u1EF3\\u00FD\\u0177\\u1EF9\\u0233\\u1E8F\\u00FF\\u1EF7\\u1E99\\u1EF5\\u01B4\\u024F\\u1EFF]","z":"[\\u007A\\u24E9\\uFF5A\\u017A\\u1E91\\u017C\\u017E\\u1E93\\u1E95\\u01B6\\u0225\\u0240\\u2C6C\\uA763]"},"researchesTests":["contentHasTOC","contentHasShortParagraphs","contentHasAssets","keywordInTitle","keywordInMetaDescription","keywordInPermalink","keywordIn10Percent","keywordInContent","keywordInSubheadings","keywordInImageAlt","keywordDensity","keywordNotUsed","lengthContent","lengthPermalink","linksHasInternal","linksHasExternals","linksNotAllExternals","titleStartWithKeyword","titleSentiment","titleHasPowerWords","titleHasNumber","hasContentAI"],"hasRedirection":true,"hasBreadcrumb":false},"homeUrl":"https:\/\/nutrismart.app\/ro\/","objectID":14,"objectType":"post","locale":"ro","localeFull":"ro_RO","overlayImages":{"play":{"name":"Play icon","url":"https:\/\/nutrismart.app\/wp-content\/plugins\/seo-by-rank-math\/assets\/admin\/img\/icon-play.png","path":"\/home\/sftuczrp\/public_html\/wp-content\/plugins\/seo-by-rank-math\/assets\/admin\/img\/icon-play.png","position":"middle_center"},"gif":{"name":"GIF icon","url":"https:\/\/nutrismart.app\/wp-content\/plugins\/seo-by-rank-math\/assets\/admin\/img\/icon-gif.png","path":"\/home\/sftuczrp\/public_html\/wp-content\/plugins\/seo-by-rank-math\/assets\/admin\/img\/icon-gif.png","position":"middle_center"}},"defautOgImage":"https:\/\/nutrismart.app\/wp-content\/uploads\/2024\/12\/cropped-NutriPlus_icon_1152x1152_crop-1.webp","customPermalinks":true,"isUserRegistered":true,"autoSuggestKeywords":true,"connectSiteUrl":"https:\/\/rankmath.com\/auth?site=https%3A%2F%2Fnutrismart.app%2Fro%2F&r=https%3A%2F%2Fnutrismart.app%2Fro%2Fwp-json%2Fwp%2Fv2%2Fpages%2F14%3Fnonce%3Dc43121dbda","maxTags":5,"trendsIcon":"<svg viewBox=\"0 0 610 610\"><path d=\"M18.85,446,174.32,290.48l58.08,58.08L76.93,504a14.54,14.54,0,0,1-20.55,0L18.83,466.48a14.54,14.54,0,0,1,0-20.55Z\" style=\"fill:#4285f4\"\/><path d=\"M242.65,242.66,377.59,377.6l-47.75,47.75a14.54,14.54,0,0,1-20.55,0L174.37,290.43l47.75-47.75A14.52,14.52,0,0,1,242.65,242.66Z\" style=\"fill:#ea4335\"\/><polygon points=\"319.53 319.53 479.26 159.8 537.34 217.88 377.61 377.62 319.53 319.53\" style=\"fill:#fabb05\"\/><path d=\"M594.26,262.73V118.61h0a16.94,16.94,0,0,0-16.94-16.94H433.2a16.94,16.94,0,0,0-12,28.92L565.34,274.71h0a16.94,16.94,0,0,0,28.92-12Z\" style=\"fill:#34a853\"\/><rect width=\"610\" height=\"610\" style=\"fill:none\"\/><\/svg>","showScore":true,"siteFavIcon":"https:\/\/nutrismart.app\/wp-content\/uploads\/2024\/12\/cropped-NutriPlus_icon_1152x1152_crop-1-32x32.webp","canUser":{"general":false,"advanced":false,"snippet":false,"social":false,"analysis":false,"analytics":false,"content_ai":false},"isPro":false,"is_front_page":false,"trendsUpgradeLink":"https:\/\/rankmath.com\/pricing\/?utm_source=Plugin&utm_medium=CE%20General%20Tab%20Trends&utm_campaign=WP","trendsUpgradeLabel":"Upgrade","trendsPreviewImage":"https:\/\/nutrismart.app\/wp-content\/plugins\/seo-by-rank-math\/assets\/admin\/img\/trends-preview.jpg","currentEditor":false,"homepageData":{"assessor":{"powerWords":[],"diacritics":true,"researchesTests":["contentHasTOC","contentHasShortParagraphs","contentHasAssets","keywordInTitle","keywordInMetaDescription","keywordInPermalink","keywordIn10Percent","keywordInContent","keywordInSubheadings","keywordInImageAlt","keywordDensity","keywordNotUsed","lengthContent","lengthPermalink","linksHasInternal","linksHasExternals","linksNotAllExternals","titleStartWithKeyword","titleSentiment","titleHasPowerWords","titleHasNumber","hasContentAI"],"hasBreadcrumb":false,"serpData":{"title":"%sitename% %page% %sep% %sitedesc%","description":"","titleTemplate":"%sitename% %page% %sep% %sitedesc%","descriptionTemplate":"","focusKeywords":"","breadcrumbTitle":"Home","robots":{"index":true},"advancedRobots":{"max-snippet":"-1","max-video-preview":"-1","max-image-preview":"large"},"facebookTitle":"","facebookDescription":"","facebookImage":"","facebookImageID":""}}},"tocTitle":"Table of Contents","tocExcludeHeadings":[],"listStyle":"ul"},"_links":{"self":[{"href":"https:\/\/nutrismart.app\/ro\/wp-json\/wp\/v2\/pages\/14","targetHints":{"allow":["GET"]}}],"collection":[{"href":"https:\/\/nutrismart.app\/ro\/wp-json\/wp\/v2\/pages"}],"about":[{"href":"https:\/\/nutrismart.app\/ro\/wp-json\/wp\/v2\/types\/page"}],"author":[{"embeddable":true,"href":"https:\/\/nutrismart.app\/ro\/wp-json\/wp\/v2\/users\/1"}],"replies":[{"embeddable":true,"href":"https:\/\/nutrismart.app\/ro\/wp-json\/wp\/v2\/comments?post=14"}],"version-history":[{"count":41,"href":"https:\/\/nutrismart.app\/ro\/wp-json\/wp\/v2\/pages\/14\/revisions"}],"predecessor-version":[{"id":2136,"href":"https:\/\/nutrismart.app\/ro\/wp-json\/wp\/v2\/pages\/14\/revisions\/2136"}],"wp:attachment":[{"href":"https:\/\/nutrismart.app\/ro\/wp-json\/wp\/v2\/media?parent=14"}],"curies":[{"name":"wp","href":"https:\/\/api.w.org\/{rel}","templated":true}]}}